
{"id":3018,"date":"2025-09-29T14:41:48","date_gmt":"2025-09-29T14:41:48","guid":{"rendered":"https:\/\/multitrend.uy\/?post_type=product&#038;p=3018"},"modified":"2025-10-09T01:37:37","modified_gmt":"2025-10-09T01:37:37","slug":"set-de-cocina-salvatora-3-indispensables","status":"publish","type":"product","link":"https:\/\/multitrend.uy\/?product=set-de-cocina-salvatora-3-indispensables","title":{"rendered":"Set de Cocina Salvatora &#8211; 3 Indispensables"},"content":{"rendered":"<h1 style=\"text-align: left;\">Con el Pack Salvatora ten\u00e9s los 3 indispensables que har\u00e1n tu cocina m\u00e1s pr\u00e1ctica, ordenada y con estilo:<\/h1>\n<p style=\"text-align: left;\">\ud83c\udf73 Sart\u00e9n antiadherente de 4 compartimientos: cocin\u00e1 diferentes preparaciones al mismo tiempo sin mezclar sabores.<\/p>\n<p style=\"text-align: left;\">\ud83e\udd57 Cesto colador desmontable: lav\u00e1, escurr\u00ed y serv\u00ed frutas y verduras con total facilidad.<\/p>\n<p style=\"text-align: left;\">\ud83e\udd44 Set de utensilios de silicona (12 piezas): resistentes al calor, no da\u00f1an tus ollas y vienen con todo lo que necesit\u00e1s para cocinar c\u00f3modamente.<\/p>\n<p style=\"text-align: left;\">\ud83d\udc49 Todo el pack por solo $1400.<br \/>\nLa combinaci\u00f3n perfecta entre practicidad y dise\u00f1o que Salvatora recomienda\u00a0para\u00a0tu\u00a0cocina.<\/p>\n","protected":false},"excerpt":{"rendered":"<h1>Pack Salvatora \u2013 3 Indispensables de Cocina<\/h1>\n<p>Un combo exclusivo con el sello de Salvatora, que re\u00fane los b\u00e1sicos que necesit\u00e1s en tu cocina: sart\u00e9n antiadherente de 4 compartimientos, cesto colador desmontable para frutas y verduras y set de utensilios de silicona (12 piezas).<\/p>\n<p>&nbsp;<\/p>\n","protected":false},"featured_media":3021,"comment_status":"open","ping_status":"closed","template":"","meta":{"_acf_changed":false},"product_brand":[],"product_cat":[19,33],"product_tag":[200],"class_list":{"0":"post-3018","1":"product","2":"type-product","3":"status-publish","4":"has-post-thumbnail","6":"product_cat-cocina","7":"product_cat-hogar","8":"product_tag-destacados","10":"first","11":"instock","12":"featured","13":"shipping-taxable","14":"purchasable","15":"product-type-composite"},"acf":[],"_links":{"self":[{"href":"https:\/\/multitrend.uy\/index.php?rest_route=\/wp\/v2\/product\/3018","targetHints":{"allow":["GET"]}}],"collection":[{"href":"https:\/\/multitrend.uy\/index.php?rest_route=\/wp\/v2\/product"}],"about":[{"href":"https:\/\/multitrend.uy\/index.php?rest_route=\/wp\/v2\/types\/product"}],"replies":[{"embeddable":true,"href":"https:\/\/multitrend.uy\/index.php?rest_route=%2Fwp%2Fv2%2Fcomments&post=3018"}],"wp:featuredmedia":[{"embeddable":true,"href":"https:\/\/multitrend.uy\/index.php?rest_route=\/wp\/v2\/media\/3021"}],"wp:attachment":[{"href":"https:\/\/multitrend.uy\/index.php?rest_route=%2Fwp%2Fv2%2Fmedia&parent=3018"}],"wp:term":[{"taxonomy":"product_brand","embeddable":true,"href":"https:\/\/multitrend.uy\/index.php?rest_route=%2Fwp%2Fv2%2Fproduct_brand&post=3018"},{"taxonomy":"product_cat","embeddable":true,"href":"https:\/\/multitrend.uy\/index.php?rest_route=%2Fwp%2Fv2%2Fproduct_cat&post=3018"},{"taxonomy":"product_tag","embeddable":true,"href":"https:\/\/multitrend.uy\/index.php?rest_route=%2Fwp%2Fv2%2Fproduct_tag&post=3018"}],"curies":[{"name":"wp","href":"https:\/\/api.w.org\/{rel}","templated":true}]}}