
{"id":8,"date":"2019-03-25T09:55:29","date_gmt":"2019-03-25T09:55:29","guid":{"rendered":"https:\/\/multitrend.tukisolutions.com\/?p=8"},"modified":"2025-10-04T10:57:36","modified_gmt":"2025-10-04T10:57:36","slug":"contacto","status":"publish","type":"page","link":"https:\/\/multitrend.uy\/?page_id=8","title":{"rendered":"Contacto"},"content":{"rendered":"<h2>\n<p>HABLEMOS<\/p>\n<\/h2>\n<h2>\n<p>Estamos a un mensaje de distancia<\/p>\n<\/h2>\n<h1><strong data-start=\"588\" data-end=\"610\">\u00a1Estamos para vos!<\/strong><\/h1>\n<div>\n<p>\u00bfTen\u00e9s dudas o precis\u00e1s ayuda con tu compra? En <strong data-start=\"927\" data-end=\"941\">Multitrend<\/strong> te acompa\u00f1amos paso a paso para que comprar online sea r\u00e1pido, claro y sin enredos.<br data-start=\"1025\" data-end=\"1028\" \/>Desde Montevideo hasta el \u00faltimo rinc\u00f3n del pa\u00eds, nuestros productos viajan para hacerte la vida m\u00e1s pr\u00e1ctica y divertida.<br \/><br data-start=\"1150\" data-end=\"1153\" \/><strong>Porque creemos que las buenas tendencias se disfrutan en todos lados.<\/strong><\/p>\n<\/div>\n<div>Contacto<\/div>\n<p>\n    <a href=\"https:\/\/wa.me\/+59896222333\">WhatsApp<\/a>\n<\/p>\n<p>\n    <a href=\"mailto:contacto@multitrend.com\">contacto@multitrend.com<\/a>\n<\/p>\n<p>\n    <a href=\"https:\/\/www.instagram.com\/multitrend.uy\/\">Seguinos en Instagram<\/a>\n<\/p>\n<div>Env\u00edos a todo el pa\u00eds<\/div>\n<div>\n<p>A trav\u00e9s de Mercado Env\u00edos<\/p>\n<\/div>\n<ul>\n<li>\n<p>-32.9695,-56.0577<\/p>\n<h3>Durazno<\/h3>\n<\/li>\n<li>\n<p>-31.7123,-55.9789<\/p>\n<h3>Tacuaremb\u00f3<\/h3>\n<\/li>\n<li>\n<p>-33.5182,-56.8985<\/p>\n<h3>Flores<\/h3>\n<\/li>\n<li>\n<p>-34.0994,-56.2208<\/p>\n<h3>Florida<\/h3>\n<\/li>\n<li>\n<p>-33.2553,-58.0281<\/p>\n<h3>Soriano<\/h3>\n<\/li>\n<li>\n<p>-33.1203,-58.3031<\/p>\n<h3>R\u00edo Negro<\/h3>\n<\/li>\n<li>\n<p>-32.3159,-58.0772<\/p>\n<h3>Paysand\u00fa<\/h3>\n<\/li>\n<li>\n<p>-31.3906,-57.9570<\/p>\n<h3>Salto<\/h3>\n<\/li>\n<li>\n<p>-30.2617,-57.6041<\/p>\n<h3>Artigas<\/h3>\n<\/li>\n<li>\n<p>-33.2278,-54.3789<\/p>\n<h3>Treinta y Tres<\/h3>\n<\/li>\n<li>\n<p>-32.3742,-54.1653<\/p>\n<h3>Cerro Largo<\/h3>\n<\/li>\n<li>\n<p>-34.3774,-55.2365<\/p>\n<h3>Lavalleja<\/h3>\n<\/li>\n<li>\n<p>-30.9046,-55.5496<\/p>\n<h3>Rivera<\/h3>\n<\/li>\n<li>\n<p>-34.9107,-54.9536<\/p>\n<h3>Maldonado<\/h3>\n<\/li>\n<li>\n<p>-34.4825,-54.3358<\/p>\n<h3>Rocha<\/h3>\n<\/li>\n<li>\n<p>-34.3396,-56.7119<\/p>\n<h3>San Jos\u00e9<\/h3>\n<\/li>\n<li>\n<p>-34.4689,-57.8416<\/p>\n<h3>Colonia<\/h3>\n<\/li>\n<li>\n<p>-34.5269,-56.2761<\/p>\n<h3>Canelones<\/h3>\n<\/li>\n<li>\n<p>-34.8966,-56.1649<\/p>\n<h3>Montevideo<\/h3>\n<\/li>\n<\/ul>\n<p><!--more--><br \/>\n<!-- {\"type\":\"layout\",\"children\":[{\"type\":\"section\",\"props\":{\"style\":\"default\",\"width\":\"\",\"vertical_align\":\"middle\",\"title_position\":\"top-left\",\"title_rotation\":\"left\",\"title_breakpoint\":\"xl\",\"image_position\":\"center-center\",\"text_color\":\"light\",\"padding\":\"large\",\"image\":\"\",\"padding_remove_top\":true},\"children\":[{\"type\":\"row\",\"props\":{\"margin\":\"large\"},\"children\":[{\"type\":\"column\",\"props\":{\"image_position\":\"center-center\",\"media_overlay_gradient\":\"\",\"text_color\":\"light\",\"padding\":\"large\",\"image\":\"\",\"image_size\":\"width-1-1\",\"image_width\":\"1840\",\"width_medium\":\"1-1\",\"position_sticky_breakpoint\":\"m\",\"image_parallax_bgy_start\":\"-400\",\"image_parallax_bgy_end\":\"200\",\"media_background\":\"#D5FBDF\",\"style\":\"muted\",\"css\":\".uk-tile-muted{\\n    background-color: #D5FBDF;\\n}\"},\"children\":[{\"type\":\"headline\",\"props\":{\"title_element\":\"h2\",\"text_align\":\"center\",\"maxwidth\":\"xlarge\",\"margin\":\"small\",\"content\":\"\n\n<p>HABLEMOS<\\\/p>\",\"block_align\":\"center\",\"title_style\":\"heading-medium\",\"margin_remove_top\":false,\"css\":\".el-element{\\n    color:#0c0c0c;\\n    font-family:\\\"Outfit\\\";\\n}\"}},{\"type\":\"headline\",\"props\":{\"title_element\":\"h2\",\"text_align\":\"center\",\"maxwidth\":\"xlarge\",\"margin\":\"small\",\"content\":\"\n\n<p>Estamos a un mensaje de distancia<\\\/p>\",\"block_align\":\"center\",\"title_style\":\"h3\",\"margin_remove_top\":false,\"css\":\".el-element{\\n    color:#0c0c0c;\\n    font-family:\\\"Outfit\\\";\\n}\",\"title_font_family\":\"default\"}}]}]}],\"name\":\"Banner-hero\"},{\"type\":\"section\",\"props\":{\"style\":\"default\",\"width\":\"xlarge\",\"vertical_align\":\"middle\",\"title_position\":\"top-left\",\"title_rotation\":\"left\",\"title_breakpoint\":\"xl\",\"image_position\":\"center-center\",\"padding_remove_top\":false},\"children\":[{\"type\":\"row\",\"props\":{\"layout\":\"2-3,1-3\",\"margin\":\"medium\",\"margin_remove_bottom\":false,\"match\":true,\"column_gap\":\"large\",\"divider\":false,\"width\":\"default\",\"padding_remove_horizontal\":false},\"children\":[{\"type\":\"column\",\"props\":{\"image_position\":\"center-center\",\"media_overlay_gradient\":\"\",\"width_medium\":\"2-3\",\"position_sticky_breakpoint\":\"m\",\"vertical_align\":\"middle\"},\"children\":[{\"type\":\"headline\",\"props\":{\"title_element\":\"h1\",\"content\":\"<strong data-start=\\\"588\\\" data-end=\\\"610\\\">\\u00a1Estamos para vos!<\\\/strong>\",\"margin\":\"default\",\"margin_remove_top\":false,\"title_style\":\"h3\",\"text_align\":\"left\",\"text_align_breakpoint\":\"m\",\"text_align_fallback\":\"center\"}},{\"type\":\"text\",\"props\":{\"margin\":\"default\",\"column_breakpoint\":\"m\",\"content\":\"\n\n<p>\\u00bfTen\\u00e9s dudas o precis\\u00e1s ayuda con tu compra? En <strong data-start=\\\"927\\\" data-end=\\\"941\\\">Multitrend<\\\/strong> te acompa\\u00f1amos paso a paso para que comprar online sea r\\u00e1pido, claro y sin enredos.<br data-start=\\\"1025\\\" data-end=\\\"1028\\\" \\\/>Desde Montevideo hasta el \\u00faltimo rinc\\u00f3n del pa\\u00eds, nuestros productos viajan para hacerte la vida m\\u00e1s pr\\u00e1ctica y divertida.<br \\\/><br data-start=\\\"1150\\\" data-end=\\\"1153\\\" \\\/><strong>Porque creemos que las buenas tendencias se disfrutan en todos lados.<\\\/strong><\\\/p>\",\"text_align\":\"left\",\"text_align_breakpoint\":\"m\",\"text_align_fallback\":\"center\"}}]},{\"type\":\"column\",\"props\":{\"image_position\":\"center-center\",\"media_overlay_gradient\":\"\",\"width_medium\":\"1-3\",\"position_sticky_breakpoint\":\"m\",\"vertical_align\":\"middle\"},\"children\":[{\"type\":\"headline\",\"props\":{\"title_element\":\"div\",\"margin\":\"small\",\"text_align\":\"right\",\"text_align_breakpoint\":\"m\",\"text_align_fallback\":\"center\",\"content\":\"Contacto\",\"title_style\":\"lead\"}},{\"type\":\"button\",\"props\":{\"grid_column_gap\":\"small\",\"grid_row_gap\":\"small\",\"margin\":\"default\",\"text_align\":\"right\",\"block_align\":\"right\",\"maxwidth_breakpoint\":\"m\",\"fullwidth\":false,\"block_align_fallback\":\"center\",\"text_align_breakpoint\":\"m\",\"text_align_fallback\":\"center\"},\"children\":[{\"type\":\"button_item\",\"props\":{\"button_style\":\"link-text\",\"icon_align\":\"right\",\"content\":\"WhatsApp\",\"link\":\"https:\\\/\\\/wa.me\\\/+59896222333\",\"icon\":\"whatsapp\",\"link_title\":\"WhatsApp\",\"link_target\":\"blank\"}}],\"name\":\"WhatsApp\"},{\"type\":\"button\",\"props\":{\"grid_column_gap\":\"small\",\"grid_row_gap\":\"small\",\"margin\":\"default\",\"text_align\":\"right\",\"block_align\":\"right\",\"maxwidth_breakpoint\":\"m\",\"fullwidth\":false,\"block_align_fallback\":\"center\",\"text_align_breakpoint\":\"m\",\"text_align_fallback\":\"center\"},\"children\":[{\"type\":\"button_item\",\"props\":{\"button_style\":\"link-text\",\"icon_align\":\"right\",\"content\":\"contacto@multitrend.com\",\"link\":\"mailto:contacto@multitrend.com\",\"icon\":\"mail\",\"link_title\":\"Contacto\",\"link_target\":\"blank\"}}],\"name\":\"Mail\"},{\"type\":\"button\",\"props\":{\"grid_column_gap\":\"small\",\"grid_row_gap\":\"small\",\"margin\":\"default\",\"text_align\":\"right\",\"block_align\":\"right\",\"maxwidth_breakpoint\":\"m\",\"fullwidth\":false,\"block_align_fallback\":\"center\",\"text_align_breakpoint\":\"m\",\"text_align_fallback\":\"center\"},\"children\":[{\"type\":\"button_item\",\"props\":{\"button_style\":\"link-text\",\"icon_align\":\"right\",\"content\":\"Seguinos en Instagram\",\"link\":\"https:\\\/\\\/www.instagram.com\\\/multitrend.uy\\\/\",\"icon\":\"instagram\",\"link_title\":\"Instagram - Multitrend.uy\",\"link_target\":\"blank\"}}],\"name\":\"Insta\"}]}]}],\"name\":\"Contact\"},{\"type\":\"section\",\"props\":{\"style\":\"default\",\"width\":\"xlarge\",\"vertical_align\":\"middle\",\"title_position\":\"top-left\",\"title_rotation\":\"left\",\"title_breakpoint\":\"xl\",\"image_position\":\"center-center\"},\"children\":[{\"type\":\"row\",\"props\":{\"margin\":\"large\"},\"children\":[{\"type\":\"column\",\"props\":{\"image_position\":\"center-center\",\"media_overlay_gradient\":\"\",\"width_medium\":\"\",\"position_sticky_breakpoint\":\"m\",\"style\":\"muted\"},\"children\":[{\"type\":\"headline\",\"props\":{\"title_element\":\"div\",\"margin\":\"small\",\"text_align\":\"center\",\"text_align_fallback\":\"center\",\"content\":\"Env\\u00edos a todo el pa\\u00eds\",\"title_style\":\"h1\"}},{\"type\":\"text\",\"props\":{\"margin\":\"\",\"column_breakpoint\":\"m\",\"text_align\":\"center\",\"text_align_fallback\":\"center\",\"content\":\"\n\n<p>A trav\\u00e9s de Mercado Env\\u00edos<\\\/p>\",\"text_style\":\"lead\"}},{\"type\":\"map\",\"props\":{\"show_title\":false,\"type\":\"roadmap\",\"zoom\":\"6\",\"controls\":false,\"zooming\":false,\"dragging\":false,\"height\":\"400\",\"styler_lightness\":\"20\",\"styler_saturation\":\"-70\",\"styler_hue\":\"#FFFFFF\",\"show_meta\":false,\"show_content\":false,\"show_image\":false,\"show_link\":false,\"min_zoom\":0,\"max_zoom\":18,\"title_hover_style\":\"reset\",\"title_element\":\"h3\",\"meta_style\":\"meta\",\"meta_align\":\"below-title\",\"meta_element\":\"div\",\"image_svg_color\":\"emphasis\",\"link_text\":\"Read more\",\"link_style\":\"default\",\"margin\":\"default\",\"clustering\":false,\"popup_max_width\":\"5\",\"viewport_height\":\"\",\"marker_icon\":\"\",\"marker_icon_height\":\"\",\"marker_icon_width\":\"\"},\"children\":[{\"type\":\"map_item\",\"props\":{\"location\":\"-32.9695,-56.0577\",\"title\":\"Durazno\",\"content\":\"\",\"hide\":false,\"show_popup\":false,\"image\":\"\"}},{\"type\":\"map_item\",\"props\":{\"location\":\"-31.7123,-55.9789\",\"title\":\"Tacuaremb\\u00f3\",\"content\":\"\",\"hide\":false,\"show_popup\":false,\"image\":\"\"}},{\"type\":\"map_item\",\"props\":{\"location\":\"-33.5182,-56.8985\",\"title\":\"Flores\",\"content\":\"\",\"hide\":false,\"show_popup\":false,\"image\":\"\"}},{\"type\":\"map_item\",\"props\":{\"location\":\"-34.0994,-56.2208\",\"title\":\"Florida\",\"content\":\"\",\"hide\":false,\"show_popup\":false,\"image\":\"\"}},{\"type\":\"map_item\",\"props\":{\"location\":\"-33.2553,-58.0281\",\"title\":\"Soriano\",\"content\":\"\",\"hide\":false,\"show_popup\":false,\"image\":\"\"}},{\"type\":\"map_item\",\"props\":{\"location\":\"-33.1203,-58.3031\",\"title\":\"R\\u00edo Negro\",\"content\":\"\",\"hide\":false,\"show_popup\":false,\"image\":\"\"}},{\"type\":\"map_item\",\"props\":{\"location\":\"-32.3159,-58.0772\",\"title\":\"Paysand\\u00fa\",\"content\":\"\",\"hide\":false,\"show_popup\":false,\"image\":\"\"}},{\"type\":\"map_item\",\"props\":{\"location\":\"-31.3906,-57.9570\",\"title\":\"Salto\",\"content\":\"\",\"hide\":false,\"show_popup\":false,\"image\":\"\"}},{\"type\":\"map_item\",\"props\":{\"location\":\"-30.2617,-57.6041\",\"title\":\"Artigas\",\"content\":\"\",\"hide\":false,\"show_popup\":false,\"image\":\"\"}},{\"type\":\"map_item\",\"props\":{\"location\":\"-33.2278,-54.3789\",\"title\":\"Treinta y Tres\",\"content\":\"\",\"hide\":false,\"show_popup\":false,\"image\":\"\"}},{\"type\":\"map_item\",\"props\":{\"location\":\"-32.3742,-54.1653\",\"title\":\"Cerro Largo\",\"content\":\"\",\"hide\":false,\"show_popup\":false,\"image\":\"\"}},{\"type\":\"map_item\",\"props\":{\"location\":\"-34.3774,-55.2365\",\"title\":\"Lavalleja\",\"content\":\"\",\"hide\":false,\"show_popup\":false,\"image\":\"\"}},{\"type\":\"map_item\",\"props\":{\"location\":\"-30.9046,-55.5496\",\"title\":\"Rivera\",\"content\":\"\",\"hide\":false,\"show_popup\":false,\"image\":\"\"}},{\"type\":\"map_item\",\"props\":{\"location\":\"-34.9107,-54.9536\",\"title\":\"Maldonado\",\"content\":\"\",\"hide\":false,\"show_popup\":false,\"image\":\"\"}},{\"type\":\"map_item\",\"props\":{\"location\":\"-34.4825,-54.3358\",\"title\":\"Rocha\",\"content\":\"\",\"hide\":false,\"show_popup\":false,\"image\":\"\"}},{\"type\":\"map_item\",\"props\":{\"location\":\"-34.3396,-56.7119\",\"title\":\"San Jos\\u00e9\",\"content\":\"\",\"hide\":false,\"show_popup\":false,\"image\":\"\"}},{\"type\":\"map_item\",\"props\":{\"location\":\"-34.4689,-57.8416\",\"title\":\"Colonia\",\"content\":\"\",\"hide\":false,\"show_popup\":false,\"image\":\"\"}},{\"type\":\"map_item\",\"props\":{\"location\":\"-34.5269,-56.2761\",\"title\":\"Canelones\",\"content\":\"\",\"hide\":false,\"show_popup\":false,\"image\":\"\"}},{\"type\":\"map_item\",\"props\":{\"location\":\"-34.8966,-56.1649\",\"title\":\"Montevideo\",\"content\":\"\",\"hide\":false,\"show_popup\":false,\"image\":\"\"}}]}]}]}]}],\"version\":\"2.7.22\"} --><\/p>\n","protected":false},"excerpt":{"rendered":"<p>HABLEMOS Estamos a un mensaje de distancia \u00a1Estamos para vos! \u00bfTen\u00e9s dudas o precis\u00e1s ayuda con tu compra? En Multitrend te acompa\u00f1amos paso a paso para que comprar online sea r\u00e1pido, claro y sin enredos.Desde Montevideo hasta el \u00faltimo rinc\u00f3n del pa\u00eds, nuestros productos viajan para hacerte la vida m\u00e1s pr\u00e1ctica y divertida.Porque creemos que [&hellip;]<\/p>\n","protected":false},"author":1,"featured_media":0,"parent":0,"menu_order":8,"comment_status":"open","ping_status":"closed","template":"","meta":{"_acf_changed":false,"footnotes":""},"class_list":["post-8","page","type-page","status-publish","hentry"],"acf":[],"_links":{"self":[{"href":"https:\/\/multitrend.uy\/index.php?rest_route=\/wp\/v2\/pages\/8","targetHints":{"allow":["GET"]}}],"collection":[{"href":"https:\/\/multitrend.uy\/index.php?rest_route=\/wp\/v2\/pages"}],"about":[{"href":"https:\/\/multitrend.uy\/index.php?rest_route=\/wp\/v2\/types\/page"}],"author":[{"embeddable":true,"href":"https:\/\/multitrend.uy\/index.php?rest_route=\/wp\/v2\/users\/1"}],"replies":[{"embeddable":true,"href":"https:\/\/multitrend.uy\/index.php?rest_route=%2Fwp%2Fv2%2Fcomments&post=8"}],"version-history":[{"count":42,"href":"https:\/\/multitrend.uy\/index.php?rest_route=\/wp\/v2\/pages\/8\/revisions"}],"predecessor-version":[{"id":3309,"href":"https:\/\/multitrend.uy\/index.php?rest_route=\/wp\/v2\/pages\/8\/revisions\/3309"}],"wp:attachment":[{"href":"https:\/\/multitrend.uy\/index.php?rest_route=%2Fwp%2Fv2%2Fmedia&parent=8"}],"curies":[{"name":"wp","href":"https:\/\/api.w.org\/{rel}","templated":true}]}}